{"id":1051,"date":"2024-04-22T14:23:40","date_gmt":"2024-04-22T12:23:40","guid":{"rendered":"http:\/\/eggert-engineering.de.w01ef823.kasserver.com\/impressum\/"},"modified":"2024-05-07T13:30:32","modified_gmt":"2024-05-07T11:30:32","slug":"imprint","status":"publish","type":"page","link":"https:\/\/www.eggert-engineering.de\/en\/imprint\/","title":{"rendered":"Imprint"},"content":{"rendered":"\t\t<div data-elementor-type=\"wp-page\" data-elementor-id=\"1051\" class=\"elementor elementor-1051\" data-elementor-post-type=\"page\">\n\t\t\t\t<div class=\"elementor-element elementor-element-d4c6ca0 e-flex e-con-boxed e-con e-parent\" data-id=\"d4c6ca0\" data-element_type=\"container\" data-e-type=\"container\">\n\t\t\t\t\t<div class=\"e-con-inner\">\n\t\t\t\t<div class=\"elementor-element elementor-element-1fd0fb8 elementor-widget elementor-widget-heading\" data-id=\"1fd0fb8\" data-element_type=\"widget\" data-e-type=\"widget\" data-widget_type=\"heading.default\">\n\t\t\t\t<div class=\"elementor-widget-container\">\n\t\t\t\t\t<h2 class=\"elementor-heading-title elementor-size-default\">Imprint<\/h2>\t\t\t\t<\/div>\n\t\t\t\t<\/div>\n\t\t\t\t<div class=\"elementor-element elementor-element-0407a63 elementor-widget elementor-widget-heading\" data-id=\"0407a63\" data-element_type=\"widget\" data-e-type=\"widget\" data-widget_type=\"heading.default\">\n\t\t\t\t<div class=\"elementor-widget-container\">\n\t\t\t\t\t<h4 class=\"elementor-heading-title elementor-size-default\">Legal Disclosure<\/h4>\t\t\t\t<\/div>\n\t\t\t\t<\/div>\n\t\t\t\t<div class=\"elementor-element elementor-element-03d4418 elementor-widget elementor-widget-text-editor\" data-id=\"03d4418\" data-element_type=\"widget\" data-e-type=\"widget\" data-widget_type=\"text-editor.default\">\n\t\t\t\t<div class=\"elementor-widget-container\">\n\t\t\t\t\t\t\t\t\t<p>Information in accordance with section 5 TMG<br \/>eggert ENGINEERING+VERTRIEBSGESELLSCHAFT mbH<br \/>Am \u00d6lberg 8<br \/>93449 Waldm\u00fcnchen<\/p>\t\t\t\t\t\t\t\t<\/div>\n\t\t\t\t<\/div>\n\t\t\t\t<div class=\"elementor-element elementor-element-b6870b1 elementor-widget elementor-widget-heading\" data-id=\"b6870b1\" data-element_type=\"widget\" data-e-type=\"widget\" data-widget_type=\"heading.default\">\n\t\t\t\t<div class=\"elementor-widget-container\">\n\t\t\t\t\t<h2 class=\"elementor-heading-title elementor-size-default\">Represented by<\/h2>\t\t\t\t<\/div>\n\t\t\t\t<\/div>\n\t\t\t\t<div class=\"elementor-element elementor-element-3a10aa9 elementor-widget elementor-widget-text-editor\" data-id=\"3a10aa9\" data-element_type=\"widget\" data-e-type=\"widget\" data-widget_type=\"text-editor.default\">\n\t\t\t\t<div class=\"elementor-widget-container\">\n\t\t\t\t\t\t\t\t\t<p>Hermann Eggert (Gesch\u00e4ftsf\u00fchrer)<\/p><p>Ust-Id-Nr.: DE 191653467<\/p>\t\t\t\t\t\t\t\t<\/div>\n\t\t\t\t<\/div>\n\t\t\t\t<div class=\"elementor-element elementor-element-9b75930 elementor-widget elementor-widget-heading\" data-id=\"9b75930\" data-element_type=\"widget\" data-e-type=\"widget\" data-widget_type=\"heading.default\">\n\t\t\t\t<div class=\"elementor-widget-container\">\n\t\t\t\t\t<h2 class=\"elementor-heading-title elementor-size-default\">Contact<\/h2>\t\t\t\t<\/div>\n\t\t\t\t<\/div>\n\t\t\t\t<div class=\"elementor-element elementor-element-a43a3c4 elementor-widget elementor-widget-text-editor\" data-id=\"a43a3c4\" data-element_type=\"widget\" data-e-type=\"widget\" data-widget_type=\"text-editor.default\">\n\t\t\t\t<div class=\"elementor-widget-container\">\n\t\t\t\t\t\t\t\t\t<p>phone:<a href=\"tel:+4999724210\"> +49 (0) 9972 &#8211; 4210<\/a><br \/><a href=\"mailto:info@eggert-engineering.de\">info@eggert-engineering.de<\/a><br \/><a href=\"http:\/\/www.eggert-engineering.de\/\" target=\"_blank\" rel=\"noopener\">www.eggert-engineering.de<\/a><\/p>\t\t\t\t\t\t\t\t<\/div>\n\t\t\t\t<\/div>\n\t\t\t\t<div class=\"elementor-element elementor-element-b23854f elementor-widget elementor-widget-heading\" data-id=\"b23854f\" data-element_type=\"widget\" data-e-type=\"widget\" data-widget_type=\"heading.default\">\n\t\t\t\t<div class=\"elementor-widget-container\">\n\t\t\t\t\t<h2 class=\"elementor-heading-title elementor-size-default\">Register entry<\/h2>\t\t\t\t<\/div>\n\t\t\t\t<\/div>\n\t\t\t\t<div class=\"elementor-element elementor-element-e339ae6 elementor-widget elementor-widget-text-editor\" data-id=\"e339ae6\" data-element_type=\"widget\" data-e-type=\"widget\" data-widget_type=\"text-editor.default\">\n\t\t\t\t<div class=\"elementor-widget-container\">\n\t\t\t\t\t\t\t\t\t<p>Entry in Handelsregister<br \/>Register Number: 6419<br \/>Register Court: Amtsgericht Regensburg<\/p>\t\t\t\t\t\t\t\t<\/div>\n\t\t\t\t<\/div>\n\t\t\t\t<div class=\"elementor-element elementor-element-b2f41f1 elementor-widget elementor-widget-heading\" data-id=\"b2f41f1\" data-element_type=\"widget\" data-e-type=\"widget\" data-widget_type=\"heading.default\">\n\t\t\t\t<div class=\"elementor-widget-container\">\n\t\t\t\t\t<h2 class=\"elementor-heading-title elementor-size-default\">Indication of source for images and graphics<\/h2>\t\t\t\t<\/div>\n\t\t\t\t<\/div>\n\t\t\t\t<div class=\"elementor-element elementor-element-214ace0 elementor-widget elementor-widget-text-editor\" data-id=\"214ace0\" data-element_type=\"widget\" data-e-type=\"widget\" data-widget_type=\"text-editor.default\">\n\t\t\t\t<div class=\"elementor-widget-container\">\n\t\t\t\t\t\t\t\t\t<p>www.fotolia.com, www.shutterstock.com,<br \/>Manuel Br\u00fcckl Fotograf, Hermann Eggert,<br \/>Warenlager <a href=\"https:\/\/de.fotolia.com\/p\/201206918\" target=\"_blank\" rel=\"noopener\">\u00a9 industrieblick<\/a>,<br \/>Metallrohre und Stangen in einer Lagerhalle <a href=\"https:\/\/de.fotolia.com\/p\/202911307\" target=\"_blank\" rel=\"noopener\">\u00a9 J\u00f6rg Lantelme<\/a><\/p>\t\t\t\t\t\t\t\t<\/div>\n\t\t\t\t<\/div>\n\t\t\t\t<div class=\"elementor-element elementor-element-8d4af7f elementor-widget elementor-widget-heading\" data-id=\"8d4af7f\" data-element_type=\"widget\" data-e-type=\"widget\" data-widget_type=\"heading.default\">\n\t\t\t\t<div class=\"elementor-widget-container\">\n\t\t\t\t\t<h2 class=\"elementor-heading-title elementor-size-default\">Disclaimer<\/h2>\t\t\t\t<\/div>\n\t\t\t\t<\/div>\n\t\t\t\t<div class=\"elementor-element elementor-element-0b65c90 elementor-widget elementor-widget-text-editor\" data-id=\"0b65c90\" data-element_type=\"widget\" data-e-type=\"widget\" data-widget_type=\"text-editor.default\">\n\t\t\t\t<div class=\"elementor-widget-container\">\n\t\t\t\t\t\t\t\t\t<p><strong>Haftung f\u00fcr Inhalte<\/strong><\/p>\t\t\t\t\t\t\t\t<\/div>\n\t\t\t\t<\/div>\n\t\t\t\t<div class=\"elementor-element elementor-element-68f62b2 elementor-widget elementor-widget-text-editor\" data-id=\"68f62b2\" data-element_type=\"widget\" data-e-type=\"widget\" data-widget_type=\"text-editor.default\">\n\t\t\t\t<div class=\"elementor-widget-container\">\n\t\t\t\t\t\t\t\t\t<p>The contents of our pages have been created with the utmost care. However, we cannot guarantee the contents&#8217; accuracy, completeness or topicality. According to statutory provisions, we are furthermore responsible for our own content on these web pages. In this context, please note that we are accordingly not obliged to monitor merely the transmitted or saved information of third parties, or investigate circumstances pointing to illegal activity. Our obligations to remove or block the use of information under generally applicable laws remain unaffected by this as per \u00a7\u00a7 8 to 10 of the Telemedia Act (TMG).<\/p>\t\t\t\t\t\t\t\t<\/div>\n\t\t\t\t<\/div>\n\t\t\t\t<div class=\"elementor-element elementor-element-28e5b1f elementor-widget elementor-widget-heading\" data-id=\"28e5b1f\" data-element_type=\"widget\" data-e-type=\"widget\" data-widget_type=\"heading.default\">\n\t\t\t\t<div class=\"elementor-widget-container\">\n\t\t\t\t\t<h2 class=\"elementor-heading-title elementor-size-default\">Accountability for links<\/h2>\t\t\t\t<\/div>\n\t\t\t\t<\/div>\n\t\t\t\t<div class=\"elementor-element elementor-element-9077b71 elementor-widget elementor-widget-text-editor\" data-id=\"9077b71\" data-element_type=\"widget\" data-e-type=\"widget\" data-widget_type=\"text-editor.default\">\n\t\t\t\t<div class=\"elementor-widget-container\">\n\t\t\t\t\t\t\t\t\t<p>Responsibility for the content of external links (to web pages of third parties) lies solely with the operators of the linked pages. No violations were evident to us at the time of linking. Should any legal infringement become known to us, we will remove the respective link immediately.<\/p>\t\t\t\t\t\t\t\t<\/div>\n\t\t\t\t<\/div>\n\t\t\t\t<div class=\"elementor-element elementor-element-7bd52c9 elementor-widget elementor-widget-heading\" data-id=\"7bd52c9\" data-element_type=\"widget\" data-e-type=\"widget\" data-widget_type=\"heading.default\">\n\t\t\t\t<div class=\"elementor-widget-container\">\n\t\t\t\t\t<h2 class=\"elementor-heading-title elementor-size-default\">Copyright<\/h2>\t\t\t\t<\/div>\n\t\t\t\t<\/div>\n\t\t\t\t<div class=\"elementor-element elementor-element-4a6a2e3 elementor-widget elementor-widget-text-editor\" data-id=\"4a6a2e3\" data-element_type=\"widget\" data-e-type=\"widget\" data-widget_type=\"text-editor.default\">\n\t\t\t\t<div class=\"elementor-widget-container\">\n\t\t\t\t\t\t\t\t\t<p>Our web pages and their contents are subject to German copyright law. Unless expressly permitted by law (\u00a7 44a et seq. of the copyright law), every form of utilizing, reproducing or processing works subject to copyright protection on our web pages requires the prior consent of the respective owner of the rights. Individual reproductions of a work are allowed only for private use, so must not serve either directly or indirectly for earnings. Unauthorized utilization of copyrighted works is punishable (\u00a7 106 of the copyright law).<\/p><p><em>Quelle:\u00a0<\/em><a href=\"http:\/\/www.muster-vorlagen.net\/\" target=\"_blank\" rel=\"noopener\">Muster-Vorlagen<\/a><\/p>\t\t\t\t\t\t\t\t<\/div>\n\t\t\t\t<\/div>\n\t\t\t\t<div class=\"elementor-element elementor-element-68e3f35 elementor-widget elementor-widget-heading\" data-id=\"68e3f35\" data-element_type=\"widget\" data-e-type=\"widget\" data-widget_type=\"heading.default\">\n\t\t\t\t<div class=\"elementor-widget-container\">\n\t\t\t\t\t<h2 class=\"elementor-heading-title elementor-size-default\">Events<\/h2>\t\t\t\t<\/div>\n\t\t\t\t<\/div>\n\t\t\t\t<div class=\"elementor-element elementor-element-1e6a1ed elementor-widget elementor-widget-image\" data-id=\"1e6a1ed\" data-element_type=\"widget\" data-e-type=\"widget\" data-widget_type=\"image.default\">\n\t\t\t\t<div class=\"elementor-widget-container\">\n\t\t\t\t\t\t\t\t\t\t\t\t\t\t\t<img loading=\"lazy\" decoding=\"async\" width=\"468\" height=\"789\" src=\"https:\/\/www.eggert-engineering.de\/wp-content\/uploads\/2024\/04\/Invitation-CN_2.jpg\" class=\"attachment-large size-large wp-image-231\" alt=\"\" srcset=\"https:\/\/www.eggert-engineering.de\/wp-content\/uploads\/2024\/04\/Invitation-CN_2.jpg 468w, https:\/\/www.eggert-engineering.de\/wp-content\/uploads\/2024\/04\/Invitation-CN_2-178x300.jpg 178w\" sizes=\"auto, (max-width: 468px) 100vw, 468px\" \/>\t\t\t\t\t\t\t\t\t\t\t\t\t\t\t<\/div>\n\t\t\t\t<\/div>\n\t\t\t\t<div class=\"elementor-element elementor-element-cde1d35 elementor-widget elementor-widget-image\" data-id=\"cde1d35\" data-element_type=\"widget\" data-e-type=\"widget\" data-widget_type=\"image.default\">\n\t\t\t\t<div class=\"elementor-widget-container\">\n\t\t\t\t\t\t\t\t\t\t\t\t\t\t\t<img loading=\"lazy\" decoding=\"async\" width=\"468\" height=\"667\" src=\"https:\/\/www.eggert-engineering.de\/wp-content\/uploads\/2024\/04\/0ADA9949@E2E0A960.7E58A360.jpg\" class=\"attachment-large size-large wp-image-232\" alt=\"\" srcset=\"https:\/\/www.eggert-engineering.de\/wp-content\/uploads\/2024\/04\/0ADA9949@E2E0A960.7E58A360.jpg 468w, https:\/\/www.eggert-engineering.de\/wp-content\/uploads\/2024\/04\/0ADA9949@E2E0A960.7E58A360-210x300.jpg 210w\" sizes=\"auto, (max-width: 468px) 100vw, 468px\" \/>\t\t\t\t\t\t\t\t\t\t\t\t\t\t\t<\/div>\n\t\t\t\t<\/div>\n\t\t\t\t<div class=\"elementor-element elementor-element-9dde33c elementor-widget elementor-widget-image\" data-id=\"9dde33c\" data-element_type=\"widget\" data-e-type=\"widget\" data-widget_type=\"image.default\">\n\t\t\t\t<div class=\"elementor-widget-container\">\n\t\t\t\t\t\t\t\t\t\t\t\t\t\t\t<img decoding=\"async\" src=\"https:\/\/www.eggert-engineering.de\/wp-content\/uploads\/elementor\/thumbs\/0512_2_2-qmxqioqy5ziy59a5y8tg78i7fwqigdt5g25ccaa3l8.jpg\" title=\"0512_2_2\" alt=\"0512_2_2\" loading=\"lazy\" \/>\t\t\t\t\t\t\t\t\t\t\t\t\t\t\t<\/div>\n\t\t\t\t<\/div>\n\t\t\t\t<div class=\"elementor-element elementor-element-b5a2154 elementor-widget elementor-widget-image\" data-id=\"b5a2154\" data-element_type=\"widget\" data-e-type=\"widget\" data-widget_type=\"image.default\">\n\t\t\t\t<div class=\"elementor-widget-container\">\n\t\t\t\t\t\t\t\t\t\t\t\t\t\t\t<img decoding=\"async\" src=\"https:\/\/www.eggert-engineering.de\/wp-content\/uploads\/elementor\/thumbs\/SZM-Messe_2-qmxqo1fv30wj4bh9c7q2cb9u1e1h8786ci3tchmuxa.jpg\" title=\"SZM-Messe_2\" alt=\"SZM-Messe_2\" loading=\"lazy\" \/>\t\t\t\t\t\t\t\t\t\t\t\t\t\t\t<\/div>\n\t\t\t\t<\/div>\n\t\t\t\t\t<\/div>\n\t\t\t\t<\/div>\n\t\t<div class=\"elementor-element elementor-element-42b16e2 e-flex e-con-boxed e-con e-parent\" data-id=\"42b16e2\" data-element_type=\"container\" data-e-type=\"container\">\n\t\t\t\t\t<div class=\"e-con-inner\">\n\t\t<div class=\"elementor-element elementor-element-12f9049 e-con-full e-flex e-con e-child\" data-id=\"12f9049\" data-element_type=\"container\" data-e-type=\"container\">\n\t\t\t\t<div class=\"elementor-element elementor-element-d5bd161 elementor-widget elementor-widget-image\" data-id=\"d5bd161\" data-element_type=\"widget\" data-e-type=\"widget\" data-widget_type=\"image.default\">\n\t\t\t\t<div class=\"elementor-widget-container\">\n\t\t\t\t\t\t\t\t\t\t\t\t\t\t\t<img loading=\"lazy\" decoding=\"async\" width=\"120\" height=\"120\" src=\"https:\/\/www.eggert-engineering.de\/wp-content\/uploads\/2024\/04\/amts_logo.jpg\" class=\"attachment-large size-large wp-image-296\" alt=\"\" \/>\t\t\t\t\t\t\t\t\t\t\t\t\t\t\t<\/div>\n\t\t\t\t<\/div>\n\t\t\t\t<div class=\"elementor-element elementor-element-ff5dc38 elementor-widget elementor-widget-text-editor\" data-id=\"ff5dc38\" data-element_type=\"widget\" data-e-type=\"widget\" data-widget_type=\"text-editor.default\">\n\t\t\t\t<div class=\"elementor-widget-container\">\n\t\t\t\t\t\t\t\t\t<p><strong>Hall E5, Stand No. B34<br \/><\/strong>4<sup>th<\/sup>\u00a0-7<sup>th\u00a0<\/sup>\u00a0July 2018<\/p>\t\t\t\t\t\t\t\t<\/div>\n\t\t\t\t<\/div>\n\t\t\t\t<\/div>\n\t\t<div class=\"elementor-element elementor-element-fe79859 e-con-full e-flex e-con e-child\" data-id=\"fe79859\" data-element_type=\"container\" data-e-type=\"container\">\n\t\t\t\t<div class=\"elementor-element elementor-element-4cdb85e elementor-widget elementor-widget-image\" data-id=\"4cdb85e\" data-element_type=\"widget\" data-e-type=\"widget\" data-widget_type=\"image.default\">\n\t\t\t\t<div class=\"elementor-widget-container\">\n\t\t\t\t\t\t\t\t\t\t\t\t\t\t\t<img loading=\"lazy\" decoding=\"async\" width=\"186\" height=\"113\" src=\"https:\/\/www.eggert-engineering.de\/wp-content\/uploads\/2024\/04\/rubbertech_logo.png\" class=\"attachment-large size-large wp-image-297\" alt=\"\" \/>\t\t\t\t\t\t\t\t\t\t\t\t\t\t\t<\/div>\n\t\t\t\t<\/div>\n\t\t\t\t<div class=\"elementor-element elementor-element-4a46701 elementor-widget elementor-widget-text-editor\" data-id=\"4a46701\" data-element_type=\"widget\" data-e-type=\"widget\" data-widget_type=\"text-editor.default\">\n\t\t\t\t<div class=\"elementor-widget-container\">\n\t\t\t\t\t\t\t\t\t<p><strong>Hall N3, Stand No. 3B347<br \/><\/strong>19-21 September 2018<strong><br \/><\/strong><\/p>\t\t\t\t\t\t\t\t<\/div>\n\t\t\t\t<\/div>\n\t\t\t\t<\/div>\n\t\t<div class=\"elementor-element elementor-element-f5c97ce e-con-full e-flex e-con e-child\" data-id=\"f5c97ce\" data-element_type=\"container\" data-e-type=\"container\">\n\t\t\t\t<div class=\"elementor-element elementor-element-cf50e3d elementor-widget elementor-widget-image\" data-id=\"cf50e3d\" data-element_type=\"widget\" data-e-type=\"widget\" data-widget_type=\"image.default\">\n\t\t\t\t<div class=\"elementor-widget-container\">\n\t\t\t\t\t\t\t\t\t\t\t\t\t\t\t<img loading=\"lazy\" decoding=\"async\" width=\"360\" height=\"182\" src=\"https:\/\/www.eggert-engineering.de\/wp-content\/uploads\/2024\/04\/09E04237@E6688764.D969A660.jpg\" class=\"attachment-large size-large wp-image-298\" alt=\"\" srcset=\"https:\/\/www.eggert-engineering.de\/wp-content\/uploads\/2024\/04\/09E04237@E6688764.D969A660.jpg 360w, https:\/\/www.eggert-engineering.de\/wp-content\/uploads\/2024\/04\/09E04237@E6688764.D969A660-300x152.jpg 300w\" sizes=\"auto, (max-width: 360px) 100vw, 360px\" \/>\t\t\t\t\t\t\t\t\t\t\t\t\t\t\t<\/div>\n\t\t\t\t<\/div>\n\t\t\t\t<div class=\"elementor-element elementor-element-52f266a elementor-widget elementor-widget-text-editor\" data-id=\"52f266a\" data-element_type=\"widget\" data-e-type=\"widget\" data-widget_type=\"text-editor.default\">\n\t\t\t\t<div class=\"elementor-widget-container\">\n\t\t\t\t\t\t\t\t\t<p><strong>Hall W4, Stand No. E2-4<br \/><\/strong>23-26 Oktober 2019\u00a0<\/p>\t\t\t\t\t\t\t\t<\/div>\n\t\t\t\t<\/div>\n\t\t\t\t<\/div>\n\t\t<div class=\"elementor-element elementor-element-55697a7 e-con-full e-flex e-con e-child\" data-id=\"55697a7\" data-element_type=\"container\" data-e-type=\"container\">\n\t\t\t\t<div class=\"elementor-element elementor-element-dfcbed2 elementor-widget elementor-widget-image\" data-id=\"dfcbed2\" data-element_type=\"widget\" data-e-type=\"widget\" data-widget_type=\"image.default\">\n\t\t\t\t<div class=\"elementor-widget-container\">\n\t\t\t\t\t\t\t\t\t\t\t\t\t\t\t<img loading=\"lazy\" decoding=\"async\" width=\"120\" height=\"119\" src=\"https:\/\/www.eggert-engineering.de\/wp-content\/uploads\/2024\/04\/bildCeMat.png\" class=\"attachment-large size-large wp-image-299\" alt=\"\" \/>\t\t\t\t\t\t\t\t\t\t\t\t\t\t\t<\/div>\n\t\t\t\t<\/div>\n\t\t\t\t<div class=\"elementor-element elementor-element-0d7e0ed elementor-widget elementor-widget-text-editor\" data-id=\"0d7e0ed\" data-element_type=\"widget\" data-e-type=\"widget\" data-widget_type=\"text-editor.default\">\n\t\t\t\t<div class=\"elementor-widget-container\">\n\t\t\t\t\t\t\t\t\t<p><strong>Hall W4,Stand No. B2-1<br \/><\/strong>24-27 Oktober 2023\u00a0<\/p>\t\t\t\t\t\t\t\t<\/div>\n\t\t\t\t<\/div>\n\t\t\t\t<\/div>\n\t\t\t\t\t<\/div>\n\t\t\t\t<\/div>\n\t\t\t\t<\/div>\n\t\t","protected":false},"excerpt":{"rendered":"<p>Imprint Legal Disclosure Information in accordance with section 5 TMG eggert ENGINEERING+VERTRIEBSGESELLSCHAFT mbH Am \u00d6lberg 8 93449 Waldm\u00fcnchen Represented by Hermann Eggert (Gesch\u00e4ftsf\u00fchrer) Ust-Id-Nr.: DE 191653467 Contact phone: +49 (0) 9972 &#8211; 4210 info@eggert-engineering.de www.eggert-engineering.de Register entry Entry in Handelsregister Register Number: 6419 Register Court: Amtsgericht Regensburg Indication of source for images and graphics www.fotolia.com, [&hellip;]<\/p>\n","protected":false},"author":1,"featured_media":0,"parent":0,"menu_order":1,"comment_status":"closed","ping_status":"closed","template":"","meta":{"_acf_changed":false,"footnotes":"","_links_to":"","_links_to_target":""},"class_list":["post-1051","page","type-page","status-publish","hentry"],"acf":[],"_links":{"self":[{"href":"https:\/\/www.eggert-engineering.de\/en\/wp-json\/wp\/v2\/pages\/1051","targetHints":{"allow":["GET"]}}],"collection":[{"href":"https:\/\/www.eggert-engineering.de\/en\/wp-json\/wp\/v2\/pages"}],"about":[{"href":"https:\/\/www.eggert-engineering.de\/en\/wp-json\/wp\/v2\/types\/page"}],"author":[{"embeddable":true,"href":"https:\/\/www.eggert-engineering.de\/en\/wp-json\/wp\/v2\/users\/1"}],"replies":[{"embeddable":true,"href":"https:\/\/www.eggert-engineering.de\/en\/wp-json\/wp\/v2\/comments?post=1051"}],"version-history":[{"count":5,"href":"https:\/\/www.eggert-engineering.de\/en\/wp-json\/wp\/v2\/pages\/1051\/revisions"}],"predecessor-version":[{"id":1137,"href":"https:\/\/www.eggert-engineering.de\/en\/wp-json\/wp\/v2\/pages\/1051\/revisions\/1137"}],"wp:attachment":[{"href":"https:\/\/www.eggert-engineering.de\/en\/wp-json\/wp\/v2\/media?parent=1051"}],"curies":[{"name":"wp","href":"https:\/\/api.w.org\/{rel}","templated":true}]}}